{"id":367,"date":"2015-02-19T12:48:07","date_gmt":"2015-02-19T12:48:07","guid":{"rendered":"https:\/\/sansebastiancarabanchel.archimadrid.es\/?page_id=367"},"modified":"2015-02-19T12:48:24","modified_gmt":"2015-02-19T12:48:24","slug":"milagro-de-san-isidro","status":"publish","type":"page","link":"https:\/\/sansebastiancarabanchel.archimadrid.es\/?page_id=367","title":{"rendered":"Milagro de San Isidro"},"content":{"rendered":"<h2><span style=\"color: #00ccff;\">Aconteci\u00f3 asimismo un d\u00eda de fiesta en tiempo de verano que, habiendo entrado como de costumbre a rezar en la iglesia de Santa Mar\u00eda Magdalena, dej\u00f3 el borriquillo a la puerta. En esto entran en la iglesia unos muchachos y le dicen: \u00abLev\u00e1ntese corriendo, padre Isidro, que viene un lobo a comer a su burro. \u2022<\/span><br \/>\n<span style=\"color: #00ccff;\"> El santo var\u00f3n les respondi\u00f3: \u00abHijos, id en paz. H\u00e1gase la voluntad de Dios.\u00bb Acabada la oraci\u00f3n, sali\u00f3 tranquilo y hall\u00f3 al lobo muerto, y junto a \u00e9l ileso a su jumento. <\/span><\/h2>\n<p><span style=\"color: #00ccff;\"> Ante esta maravilla penetr\u00f3 de nuevo en la iglesia para dar gracias a Dios, pues su misericordia salva a los hombres y a los jumentos. (Salmo 35, 7.)<\/span><img loading=\"lazy\" decoding=\"async\" class=\"aligncenter\" src=\"http:\/\/upload.wikimedia.org\/wikipedia\/commons\/thumb\/2\/2d\/Ermita_de_Santa_Mar%C3%ADa_de_la_Antigua._Lateral..jpg\/300px-Ermita_de_Santa_Mar%C3%ADa_de_la_Antigua._Lateral..jpg\" alt=\"\" width=\"468\" height=\"351\" \/><\/p>\n","protected":false},"excerpt":{"rendered":"<p>Aconteci\u00f3 asimismo un d\u00eda de fiesta en tiempo de verano que, habiendo entrado como de costumbre a rezar en la iglesia de Santa Mar\u00eda Magdalena, dej\u00f3 el borriquillo a la puerta. En esto entran en la iglesia unos muchachos y le dicen: \u00abLev\u00e1ntese corriendo, padre Isidro, que viene un lobo a comer a su burro. &hellip; <\/p>\n<p><a class=\"more-link btn\" href=\"https:\/\/sansebastiancarabanchel.archimadrid.es\/?page_id=367\">Seguir leyendo<\/a><\/p>\n","protected":false},"author":4,"featured_media":0,"parent":276,"menu_order":2,"comment_status":"closed","ping_status":"closed","template":"","meta":{"footnotes":""},"_links":{"self":[{"href":"https:\/\/sansebastiancarabanchel.archimadrid.es\/index.php?rest_route=\/wp\/v2\/pages\/367"}],"collection":[{"href":"https:\/\/sansebastiancarabanchel.archimadrid.es\/index.php?rest_route=\/wp\/v2\/pages"}],"about":[{"href":"https:\/\/sansebastiancarabanchel.archimadrid.es\/index.php?rest_route=\/wp\/v2\/types\/page"}],"author":[{"embeddable":true,"href":"https:\/\/sansebastiancarabanchel.archimadrid.es\/index.php?rest_route=\/wp\/v2\/users\/4"}],"replies":[{"embeddable":true,"href":"https:\/\/sansebastiancarabanchel.archimadrid.es\/index.php?rest_route=%2Fwp%2Fv2%2Fcomments&post=367"}],"version-history":[{"count":2,"href":"https:\/\/sansebastiancarabanchel.archimadrid.es\/index.php?rest_route=\/wp\/v2\/pages\/367\/revisions"}],"predecessor-version":[{"id":369,"href":"https:\/\/sansebastiancarabanchel.archimadrid.es\/index.php?rest_route=\/wp\/v2\/pages\/367\/revisions\/369"}],"up":[{"embeddable":true,"href":"https:\/\/sansebastiancarabanchel.archimadrid.es\/index.php?rest_route=\/wp\/v2\/pages\/276"}],"wp:attachment":[{"href":"https:\/\/sansebastiancarabanchel.archimadrid.es\/index.php?rest_route=%2Fwp%2Fv2%2Fmedia&parent=367"}],"curies":[{"name":"wp","href":"https:\/\/api.w.org\/{rel}","templated":true}]}}