{"id":45,"date":"2015-02-13T22:17:55","date_gmt":"2015-02-13T22:17:55","guid":{"rendered":"https:\/\/sansebastiancarabanchel.archimadrid.es\/?page_id=45"},"modified":"2015-04-29T11:36:18","modified_gmt":"2015-04-29T10:36:18","slug":"contacto","status":"publish","type":"page","link":"https:\/\/sansebastiancarabanchel.archimadrid.es\/?page_id=45","title":{"rendered":"Contacto"},"content":{"rendered":"<h1><strong><span style=\"color: #000000;\">El horario de contacto es de Lunes a Mi\u00e9rcoles de 18:00 a 20:00 :<\/span><\/strong><\/h1>\n<h1 style=\"text-align: left;\"><strong><span style=\"color: #000000;\">-V\u00eda telef\u00f3nica en el : 91-462-85-36<\/span><\/strong><\/h1>\n<h1 style=\"text-align: left;\"><strong><span style=\"color: #000000;\">-Correo electr\u00f3nico: sansebastiancarabanchel@archimadrid.es\u00a0<\/span><\/strong><\/h1>\n<h1 style=\"text-align: left;\"><strong><span style=\"color: #000000;\">-V\u00eda presencial en el Despacho Parroquial<\/span><\/strong><\/h1>\n","protected":false},"excerpt":{"rendered":"<p>El horario de contacto es de Lunes a Mi\u00e9rcoles de 18:00 a 20:00 : -V\u00eda telef\u00f3nica en el : 91-462-85-36 -Correo electr\u00f3nico: sansebastiancarabanchel@archimadrid.es\u00a0 -V\u00eda presencial en el Despacho Parroquial<\/p>\n","protected":false},"author":4,"featured_media":0,"parent":39,"menu_order":3,"comment_status":"closed","ping_status":"closed","template":"","meta":{"footnotes":""},"_links":{"self":[{"href":"https:\/\/sansebastiancarabanchel.archimadrid.es\/index.php?rest_route=\/wp\/v2\/pages\/45"}],"collection":[{"href":"https:\/\/sansebastiancarabanchel.archimadrid.es\/index.php?rest_route=\/wp\/v2\/pages"}],"about":[{"href":"https:\/\/sansebastiancarabanchel.archimadrid.es\/index.php?rest_route=\/wp\/v2\/types\/page"}],"author":[{"embeddable":true,"href":"https:\/\/sansebastiancarabanchel.archimadrid.es\/index.php?rest_route=\/wp\/v2\/users\/4"}],"replies":[{"embeddable":true,"href":"https:\/\/sansebastiancarabanchel.archimadrid.es\/index.php?rest_route=%2Fwp%2Fv2%2Fcomments&post=45"}],"version-history":[{"count":10,"href":"https:\/\/sansebastiancarabanchel.archimadrid.es\/index.php?rest_route=\/wp\/v2\/pages\/45\/revisions"}],"predecessor-version":[{"id":898,"href":"https:\/\/sansebastiancarabanchel.archimadrid.es\/index.php?rest_route=\/wp\/v2\/pages\/45\/revisions\/898"}],"up":[{"embeddable":true,"href":"https:\/\/sansebastiancarabanchel.archimadrid.es\/index.php?rest_route=\/wp\/v2\/pages\/39"}],"wp:attachment":[{"href":"https:\/\/sansebastiancarabanchel.archimadrid.es\/index.php?rest_route=%2Fwp%2Fv2%2Fmedia&parent=45"}],"curies":[{"name":"wp","href":"https:\/\/api.w.org\/{rel}","templated":true}]}}