{"id":61,"date":"2015-02-13T22:55:10","date_gmt":"2015-02-13T22:55:10","guid":{"rendered":"https:\/\/sansebastiancarabanchel.archimadrid.es\/?page_id=61"},"modified":"2015-03-03T22:06:46","modified_gmt":"2015-03-03T21:06:46","slug":"bautismo","status":"publish","type":"page","link":"https:\/\/sansebastiancarabanchel.archimadrid.es\/?page_id=61","title":{"rendered":"Bautismo"},"content":{"rendered":"<h2 style=\"text-align: left;\"><span style=\"color: #000000;\">El <strong>Bautismo<\/strong> perdona el pecado original, todos los pecados personales y todas las penas debidas al pecado; hace participar de la vida divina trinitaria mediante la gracia santificante, la gracia de la justificaci\u00f3n que incorpora a Cristo y a su Iglesia; hace participar del sacerdocio de Cristo y constituye el fundamento de la comuni\u00f3n con los dem\u00e1s cristianos; otorga las virtudes teologales y los dones del Esp\u00edritu Santo. El bautizado pertenece para siempre a Cristo<\/span><\/h2>\n<h2 style=\"text-align: center;\"><a href=\"https:\/\/sansebastiancarabanchel.archimadrid.es\/wp-content\/uploads\/2015\/02\/Folleto-Bautismo-2015.pdf\">Preparaci\u00f3n y Celebraci\u00f3n del Bautismo<\/a><\/h2>\n<p><a href=\"https:\/\/sansebastiancarabanchel.archimadrid.es\/wp-content\/uploads\/2015\/02\/0001.jpg\"><img loading=\"lazy\" decoding=\"async\" class=\" size-medium wp-image-212 alignnone\" src=\"https:\/\/sansebastiancarabanchel.archimadrid.es\/wp-content\/uploads\/2015\/02\/0001-212x300.jpg\" alt=\"0001\" width=\"212\" height=\"300\" srcset=\"https:\/\/sansebastiancarabanchel.archimadrid.es\/wp-content\/uploads\/2015\/02\/0001-212x300.jpg 212w, https:\/\/sansebastiancarabanchel.archimadrid.es\/wp-content\/uploads\/2015\/02\/0001.jpg 561w\" sizes=\"(max-width: 212px) 100vw, 212px\" \/><\/a> <a href=\"https:\/\/sansebastiancarabanchel.archimadrid.es\/wp-content\/uploads\/2015\/02\/0002.jpg\"><img loading=\"lazy\" decoding=\"async\" class=\" size-medium wp-image-213 alignright\" src=\"https:\/\/sansebastiancarabanchel.archimadrid.es\/wp-content\/uploads\/2015\/02\/0002-212x300.jpg\" alt=\"0002\" width=\"212\" height=\"300\" srcset=\"https:\/\/sansebastiancarabanchel.archimadrid.es\/wp-content\/uploads\/2015\/02\/0002-212x300.jpg 212w, https:\/\/sansebastiancarabanchel.archimadrid.es\/wp-content\/uploads\/2015\/02\/0002.jpg 561w\" sizes=\"(max-width: 212px) 100vw, 212px\" \/><\/a><\/p>\n<p><a href=\"https:\/\/sansebastiancarabanchel.archimadrid.es\/wp-content\/uploads\/2015\/02\/0003.jpg\"><img loading=\"lazy\" decoding=\"async\" class=\"alignnone size-medium wp-image-214\" src=\"https:\/\/sansebastiancarabanchel.archimadrid.es\/wp-content\/uploads\/2015\/02\/0003-212x300.jpg\" alt=\"0003\" width=\"212\" height=\"300\" srcset=\"https:\/\/sansebastiancarabanchel.archimadrid.es\/wp-content\/uploads\/2015\/02\/0003-212x300.jpg 212w, https:\/\/sansebastiancarabanchel.archimadrid.es\/wp-content\/uploads\/2015\/02\/0003.jpg 561w\" sizes=\"(max-width: 212px) 100vw, 212px\" \/><\/a><a href=\"https:\/\/sansebastiancarabanchel.archimadrid.es\/wp-content\/uploads\/2015\/02\/0004.jpg\"><img loading=\"lazy\" decoding=\"async\" class=\" size-medium wp-image-215 alignright\" src=\"https:\/\/sansebastiancarabanchel.archimadrid.es\/wp-content\/uploads\/2015\/02\/0004-212x300.jpg\" alt=\"0004\" width=\"212\" height=\"300\" srcset=\"https:\/\/sansebastiancarabanchel.archimadrid.es\/wp-content\/uploads\/2015\/02\/0004-212x300.jpg 212w, https:\/\/sansebastiancarabanchel.archimadrid.es\/wp-content\/uploads\/2015\/02\/0004.jpg 561w\" sizes=\"(max-width: 212px) 100vw, 212px\" \/><\/a><a href=\"https:\/\/sansebastiancarabanchel.archimadrid.es\/wp-content\/uploads\/2015\/02\/0003.jpg\"><br \/>\n<\/a><\/p>\n<h1><img loading=\"lazy\" decoding=\"async\" class=\"  aligncenter wp-image-62 size-medium\" src=\"https:\/\/sansebastiancarabanchel.archimadrid.es\/wp-content\/uploads\/2015\/02\/San-Sebasti\u00e1n-112-e1423867992900-199x300.jpg\" alt=\"San Sebasti\u00e1n   (112)\" width=\"199\" height=\"300\" srcset=\"https:\/\/sansebastiancarabanchel.archimadrid.es\/wp-content\/uploads\/2015\/02\/San-Sebasti\u00e1n-112-e1423867992900-199x300.jpg 199w, https:\/\/sansebastiancarabanchel.archimadrid.es\/wp-content\/uploads\/2015\/02\/San-Sebasti\u00e1n-112-e1423867992900-680x1024.jpg 680w, https:\/\/sansebastiancarabanchel.archimadrid.es\/wp-content\/uploads\/2015\/02\/San-Sebasti\u00e1n-112-e1423867992900.jpg 1424w\" sizes=\"(max-width: 199px) 100vw, 199px\" \/><\/h1>\n","protected":false},"excerpt":{"rendered":"<p>El Bautismo perdona el pecado original, todos los pecados personales y todas las penas debidas al pecado; hace participar de la vida divina trinitaria mediante la gracia santificante, la gracia de la justificaci\u00f3n que incorpora a Cristo y a su Iglesia; hace participar del sacerdocio de Cristo y constituye el fundamento de la comuni\u00f3n con &hellip; <\/p>\n<p><a class=\"more-link btn\" href=\"https:\/\/sansebastiancarabanchel.archimadrid.es\/?page_id=61\">Seguir leyendo<\/a><\/p>\n","protected":false},"author":4,"featured_media":0,"parent":26,"menu_order":1,"comment_status":"closed","ping_status":"closed","template":"","meta":{"footnotes":""},"_links":{"self":[{"href":"https:\/\/sansebastiancarabanchel.archimadrid.es\/index.php?rest_route=\/wp\/v2\/pages\/61"}],"collection":[{"href":"https:\/\/sansebastiancarabanchel.archimadrid.es\/index.php?rest_route=\/wp\/v2\/pages"}],"about":[{"href":"https:\/\/sansebastiancarabanchel.archimadrid.es\/index.php?rest_route=\/wp\/v2\/types\/page"}],"author":[{"embeddable":true,"href":"https:\/\/sansebastiancarabanchel.archimadrid.es\/index.php?rest_route=\/wp\/v2\/users\/4"}],"replies":[{"embeddable":true,"href":"https:\/\/sansebastiancarabanchel.archimadrid.es\/index.php?rest_route=%2Fwp%2Fv2%2Fcomments&post=61"}],"version-history":[{"count":15,"href":"https:\/\/sansebastiancarabanchel.archimadrid.es\/index.php?rest_route=\/wp\/v2\/pages\/61\/revisions"}],"predecessor-version":[{"id":610,"href":"https:\/\/sansebastiancarabanchel.archimadrid.es\/index.php?rest_route=\/wp\/v2\/pages\/61\/revisions\/610"}],"up":[{"embeddable":true,"href":"https:\/\/sansebastiancarabanchel.archimadrid.es\/index.php?rest_route=\/wp\/v2\/pages\/26"}],"wp:attachment":[{"href":"https:\/\/sansebastiancarabanchel.archimadrid.es\/index.php?rest_route=%2Fwp%2Fv2%2Fmedia&parent=61"}],"curies":[{"name":"wp","href":"https:\/\/api.w.org\/{rel}","templated":true}]}}