{"id":64,"date":"2015-02-13T22:58:44","date_gmt":"2015-02-13T22:58:44","guid":{"rendered":"https:\/\/sansebastiancarabanchel.archimadrid.es\/?page_id=64"},"modified":"2015-02-19T12:28:18","modified_gmt":"2015-02-19T12:28:18","slug":"confirmacion","status":"publish","type":"page","link":"https:\/\/sansebastiancarabanchel.archimadrid.es\/?page_id=64","title":{"rendered":"Confirmaci\u00f3n"},"content":{"rendered":"<h1><span style=\"color: #00ccff;\">El sacramento de la Confirmaci\u00f3n es uno de los tres\u00a0Sacramentos de Iniciaci\u00f3n Cristiana.<\/span><\/h1>\n<h1><img loading=\"lazy\" decoding=\"async\" class=\"alignright\" src=\"http:\/\/capellanialatinoamericana.com\/wp-content\/uploads\/2012\/04\/Confirmacion.jpg\" alt=\"\" width=\"262\" height=\"262\" \/><\/h1>\n<p>&nbsp;<\/p>\n<p><span style=\"color: #00ccff;\">En este sacramento se fortalece y se completa la obra del Bautismo. Por este sacramento, el bautizado<strong> se fortalece con el don del Esp\u00edritu Santo<\/strong>. Se logra un arraigo m\u00e1s profundo a la filiaci\u00f3n divina, se une m\u00e1s \u00edntimamente con la Iglesia, fortaleci\u00e9ndose para ser testigo de Jesucristo, de palabra y obra. Por \u00e9l es capaz de defender su fe y de transmitirla. A partir de la Confirmaci\u00f3n nos convertimos en cristianos maduros.<\/span><\/p>\n<p><span style=\"color: #00ccff;\">\u00a0<\/span><\/p>\n<h2 style=\"text-align: center;\"><span style=\"color: #00ccff;\"><br \/>\n<\/span><br \/>\n<a href=\"https:\/\/sansebastiancarabanchel.archimadrid.es\/wp-content\/uploads\/2015\/02\/Triptico-Confirmacion-2014-15.pdf\">Informaci\u00f3n Confirmaci\u00f3n 2014-2015<\/a><\/h2>\n<p style=\"text-align: center;\"><a href=\"https:\/\/sansebastiancarabanchel.archimadrid.es\/wp-content\/uploads\/2015\/02\/Triptico-Confirmacion-2014-15-page-0011.jpg\"><img loading=\"lazy\" decoding=\"async\" class=\"alignnone wp-image-360 size-full\" src=\"https:\/\/sansebastiancarabanchel.archimadrid.es\/wp-content\/uploads\/2015\/02\/Triptico-Confirmacion-2014-15-page-0011.jpg\" alt=\"Triptico-Confirmacion-2014-15-page-001\" width=\"1754\" height=\"1240\" srcset=\"https:\/\/sansebastiancarabanchel.archimadrid.es\/wp-content\/uploads\/2015\/02\/Triptico-Confirmacion-2014-15-page-0011.jpg 1754w, https:\/\/sansebastiancarabanchel.archimadrid.es\/wp-content\/uploads\/2015\/02\/Triptico-Confirmacion-2014-15-page-0011-300x212.jpg 300w, https:\/\/sansebastiancarabanchel.archimadrid.es\/wp-content\/uploads\/2015\/02\/Triptico-Confirmacion-2014-15-page-0011-1024x724.jpg 1024w, https:\/\/sansebastiancarabanchel.archimadrid.es\/wp-content\/uploads\/2015\/02\/Triptico-Confirmacion-2014-15-page-0011-120x85.jpg 120w\" sizes=\"(max-width: 1754px) 100vw, 1754px\" \/><\/a><\/p>\n<p style=\"text-align: center;\"><span style=\"color: #00ccff;\"><a style=\"color: #00ccff;\" href=\"https:\/\/sansebastiancarabanchel.archimadrid.es\/wp-content\/uploads\/2015\/02\/Triptico-Confirmacion-2014-15-page-002.jpg\"><img loading=\"lazy\" decoding=\"async\" class=\"alignnone wp-image-209 size-full\" src=\"https:\/\/sansebastiancarabanchel.archimadrid.es\/wp-content\/uploads\/2015\/02\/Triptico-Confirmacion-2014-15-page-002.jpg\" alt=\"Triptico Confirmacion 2014-15-page-002\" width=\"1754\" height=\"1240\" srcset=\"https:\/\/sansebastiancarabanchel.archimadrid.es\/wp-content\/uploads\/2015\/02\/Triptico-Confirmacion-2014-15-page-002.jpg 1754w, https:\/\/sansebastiancarabanchel.archimadrid.es\/wp-content\/uploads\/2015\/02\/Triptico-Confirmacion-2014-15-page-002-300x212.jpg 300w, https:\/\/sansebastiancarabanchel.archimadrid.es\/wp-content\/uploads\/2015\/02\/Triptico-Confirmacion-2014-15-page-002-1024x724.jpg 1024w, https:\/\/sansebastiancarabanchel.archimadrid.es\/wp-content\/uploads\/2015\/02\/Triptico-Confirmacion-2014-15-page-002-120x85.jpg 120w\" sizes=\"(max-width: 1754px) 100vw, 1754px\" \/><\/a><\/span><\/p>\n<p>&nbsp;<\/p>\n<p><span style=\"color: #00ccff;\">El d\u00eda de Pentecost\u00e9s los ap\u00f3stoles y disc\u00edpulos se encontraban reunidos junto a Mar\u00eda. Estaban temerosos, no entend\u00edan lo que hab\u00eda pasado \u2013 creyendo que todo hab\u00eda sido en balde \u2013 se encontraban tristes. De repente, descendi\u00f3 el Esp\u00edritu Santo sobre ellos \u2013quedaron transformados \u2013 y a partir de ese momento entendieron todo lo que hab\u00eda sucedido, dejaron de tener miedo, se lanzaron a predicar y a bautizar. <strong>La Confirmaci\u00f3n es \u201cnuestro Pentecost\u00e9s personal\u201d<\/strong>. El Esp\u00edritu Santo est\u00e1 actuando continuamente sobre la Iglesia de modos muy diversos. La Confirmaci\u00f3n \u2013 al descender el Esp\u00edritu Santo sobre nosotros \u2013 es una de las formas en que \u00c9l se hace presente al pueblo de Dios.<\/span><\/p>\n<h1><span style=\"color: #00ccff;\"><strong>El Signo: La Materia y la Forma<\/strong><\/span><\/h1>\n<p><span style=\"color: #00ccff;\">El signo de la Confirmaci\u00f3n es la \u201c<strong>unci\u00f3n<\/strong>\u201d. Desde la antig\u00fcedad se utilizaba el aceite para muchas cosa: para curar heridas, a los gladiadores de les ung\u00eda con el fin de fortalecerlos, tambi\u00e9n era s\u00edmbolo de abundancia, de plenitud. Adem\u00e1s la unci\u00f3n va unido al nombre de \u201ccristiano\u201d, que significa ungido.<\/span><\/p>\n<p><span style=\"color: #00ccff;\">La materia de este sacramento es el \u201c<strong>Santo Crisma<\/strong>\u201d, aceite de oliva mezclado con b\u00e1lsamo, que es consagrado por el Obispo el d\u00eda del Jueves Santo. La unci\u00f3n debe ser en la frente.\u00a0Las palabras que acompa\u00f1an a la unci\u00f3n y a la imposici\u00f3n individual de las manos \u201c<em>Recibe por esta se\u00f1al de la cruz el don del Esp\u00edritu Santo<\/em>\u201d (CIC n\u00ba. 1300) . La Cruz es el arma conque cuenta un cristiano para defender su fe.<\/span><\/p>\n<p><span style=\"color: #00ccff;\"><strong>Quien tenga el deseo de recibir el Sacramento de la Confirmaci\u00f3n<\/strong>, es necesario que pase por el Despacho de la Parroquia de S\u00e1n Sebasti\u00e1n M\u00e1rtir<strong>\u00a0<\/strong>para poder informarle de la Catequesis m\u00e1s adecuada a su circunstancia personal.<\/span><\/p>\n<p><span style=\"color: #00ccff;\">\u00a0<\/span><\/p>\n","protected":false},"excerpt":{"rendered":"<p>El sacramento de la Confirmaci\u00f3n es uno de los tres\u00a0Sacramentos de Iniciaci\u00f3n Cristiana. &nbsp; En este sacramento se fortalece y se completa la obra del Bautismo. Por este sacramento, el bautizado se fortalece con el don del Esp\u00edritu Santo. Se logra un arraigo m\u00e1s profundo a la filiaci\u00f3n divina, se une m\u00e1s \u00edntimamente con la &hellip; <\/p>\n<p><a class=\"more-link btn\" href=\"https:\/\/sansebastiancarabanchel.archimadrid.es\/?page_id=64\">Seguir leyendo<\/a><\/p>\n","protected":false},"author":4,"featured_media":0,"parent":26,"menu_order":2,"comment_status":"closed","ping_status":"closed","template":"","meta":{"footnotes":""},"_links":{"self":[{"href":"https:\/\/sansebastiancarabanchel.archimadrid.es\/index.php?rest_route=\/wp\/v2\/pages\/64"}],"collection":[{"href":"https:\/\/sansebastiancarabanchel.archimadrid.es\/index.php?rest_route=\/wp\/v2\/pages"}],"about":[{"href":"https:\/\/sansebastiancarabanchel.archimadrid.es\/index.php?rest_route=\/wp\/v2\/types\/page"}],"author":[{"embeddable":true,"href":"https:\/\/sansebastiancarabanchel.archimadrid.es\/index.php?rest_route=\/wp\/v2\/users\/4"}],"replies":[{"embeddable":true,"href":"https:\/\/sansebastiancarabanchel.archimadrid.es\/index.php?rest_route=%2Fwp%2Fv2%2Fcomments&post=64"}],"version-history":[{"count":10,"href":"https:\/\/sansebastiancarabanchel.archimadrid.es\/index.php?rest_route=\/wp\/v2\/pages\/64\/revisions"}],"predecessor-version":[{"id":361,"href":"https:\/\/sansebastiancarabanchel.archimadrid.es\/index.php?rest_route=\/wp\/v2\/pages\/64\/revisions\/361"}],"up":[{"embeddable":true,"href":"https:\/\/sansebastiancarabanchel.archimadrid.es\/index.php?rest_route=\/wp\/v2\/pages\/26"}],"wp:attachment":[{"href":"https:\/\/sansebastiancarabanchel.archimadrid.es\/index.php?rest_route=%2Fwp%2Fv2%2Fmedia&parent=64"}],"curies":[{"name":"wp","href":"https:\/\/api.w.org\/{rel}","templated":true}]}}