{"id":70,"date":"2015-02-13T23:19:47","date_gmt":"2015-02-13T23:19:47","guid":{"rendered":"https:\/\/sansebastiancarabanchel.archimadrid.es\/?page_id=70"},"modified":"2015-03-03T22:21:58","modified_gmt":"2015-03-03T21:21:58","slug":"uncion-de-enfermos","status":"publish","type":"page","link":"https:\/\/sansebastiancarabanchel.archimadrid.es\/?page_id=70","title":{"rendered":"Unci\u00f3n de Enfermos"},"content":{"rendered":"<h1><span style=\"color: #000000;\">El\u00a0<b>sacramento de la unci\u00f3n de los enfermos<\/b>\u00a0es un acto lit\u00fargico por el cual un\u00a0presb\u00edtero\u00a0signa con\u00a0\u00f3leo sagrado\u00a0a un fiel en raz\u00f3n de encontrarse <strong>enfermo<\/strong>, en <strong>edad\u00a0<\/strong><strong>avanzada<\/strong> o en <strong>peligro<\/strong> <strong>de<\/strong> <strong>muerte<\/strong>. Con esta acci\u00f3n se significa que se le concede al enfermo o al anciano una gracia especial, eficaz, para\u00a0<em>fortalecerlo<\/em> y\u00a0<em>reconfortarlo<\/em> <em>en<\/em> <em>su\u00a0<\/em><em>enfermedad<\/em>, y <em>prepararlo<\/em> <em>para<\/em> <em>el<\/em> <em>encuentro<\/em> <em>con<\/em> <em>Dios<\/em>. Al igual que los dem\u00e1s sacramentos, la unci\u00f3n de los enfermos fue instituida por\u00a0Jesucristo\u00a0quien, seg\u00fan los\u00a0textos neo testamentarios, hizo participar a sus disc\u00edpulos\u00a0de su ministerio de compasi\u00f3n y de curaci\u00f3n:<\/span><img loading=\"lazy\" decoding=\"async\" class=\" aligncenter\" src=\"http:\/\/webcatolicodejavier.org\/uncionenfermos.jpg\" alt=\"\" width=\"290\" height=\"350\" \/><\/h1>\n<p><!--more--><\/p>\n<blockquote><p><span style=\"color: #000000;\">Y, y\u00e9ndose de all\u00ed, predicaron que se convirtieran; expulsaban a muchos demonios, y ung\u00edan con aceite a muchos enfermos y los curaban.\u00a0<i>Evangelio de Marcos<\/i>\u00a06:13<\/span><\/p><\/blockquote>\n<p><span style=\"color: #000000;\">Se suele indicar un pasaje de la carta de Santiago como contexto de la funci\u00f3n y efectos del sacramento:<\/span><\/p>\n<blockquote><p><span style=\"color: #000000;\">\u00bfEst\u00e1 enfermo alguno entre vosotros? Llame a los presb\u00edteros de la Iglesia, que oren sobre \u00e9l y le unjan con \u00f3leo en el nombre del Se\u00f1or. Y la oraci\u00f3n de la fe salvar\u00e1 al enfermo, y el Se\u00f1or har\u00e1 que se levante, y si hubiera cometido pecados, le ser\u00e1n perdonados.\u00a0<i>Ep\u00edstola de Santiago<\/i>\u00a05:14-15<\/span><\/p><\/blockquote>\n<h2><span style=\"color: #000000;\">Efectos del sacramento de la Unci\u00f3n<\/span><\/h2>\n<ul>\n<li><span style=\"color: #000000;\"><strong>Un don particular del Esp\u00edritu Santo<\/strong>. La primera gracia es de <em>consuelo<\/em>, <em>paz<\/em> y <em>\u00e1nimo<\/em> para vencer las dificultades propias de la enfermedad o la fragilidad de la vejez. Es un don del Esp\u00edritu Santo que renueva la confianza y la fe en Dios y fortalece contra las tentaciones del maligno, como el desaliento y la desesperaci\u00f3n.<\/span><\/li>\n<\/ul>\n<ul>\n<li><span style=\"color: #000000;\"><strong>El perd\u00f3n de los pecados.<\/strong> Se requiere adem\u00e1s el arrepentimiento y confesi\u00f3n de la persona que recibe el sacramento.<\/span><\/li>\n<\/ul>\n<ul>\n<li><span style=\"color: #000000;\"><strong>La uni\u00f3n a la Pasi\u00f3n de Cristo.<\/strong> Se recibe la fuerza y el don para unirse con Cristo en su Pasi\u00f3n y alcanzar los frutos redentores del Salvador.<\/span><\/li>\n<\/ul>\n<ul>\n<li><span style=\"color: #000000;\"><strong>Una gracia para la Iglesia.<\/strong> Los enfermos que reciben este sacramento, uni\u00e9ndose libremente a la Pasi\u00f3n y Muerte de Jes\u00fas, contribuyen al bien del Pueblo de Dios y a su santificaci\u00f3n.<\/span><\/li>\n<\/ul>\n<ul>\n<li><span style=\"color: #000000;\"><strong>Una preparaci\u00f3n para el paso a la vida eterna.<\/strong> Este sacramento acaba por conformarnos con la muerte y resurrecci\u00f3n de Cristo como el bautismo hab\u00eda comenzado a hacerlo. La Unci\u00f3n del Bautismo sella en nosotros la vida nueva. La de la Confirmaci\u00f3n nos fortalece para el combate de la vida. Esta unci\u00f3n, ofrece un escudo para defenderse de los \u00faltimos combates y entrar en la Casa del Padre.<\/span><\/li>\n<\/ul>\n<p>&nbsp;<\/p>\n<h3><strong><span style=\"text-decoration: underline;\">RITO DE RECEPCI\u00d3N DE LOS SANTOS \u00d3LEOS<\/span><\/strong><\/h3>\n<h3><strong>\u00a0<\/strong><\/h3>\n<h3><strong>Despu\u00e9s de la procesi\u00f3n de entrada en la que se llevan dignamente las crismeras, se hace el saludo presidencial y, a continuaci\u00f3n, omitido el rito penitencial, el sacerdote dice:<\/strong><\/h3>\n<h3><strong>\u00a0<\/strong><\/h3>\n<h3>Hermanos: al recibir hoy con gozo aqu\u00ed en nuestra parroquia los \u00f3leos santos reci\u00e9n bendecidos por nuestro obispo, bendigamos al Se\u00f1or que se ha dignado ofrecernos sus dones y derrama incesantemente su Esp\u00edritu sobre el pueblo que ha rescatado con la sangre de Cristo derramada en la Cruz.<\/h3>\n<h3><strong>\u00a0<\/strong><\/h3>\n<h3><strong>Luego muestra al pueblo la vasija con el \u00f3leo para los enfermos y manteni\u00e9ndola un poco en alto dice:<\/strong><\/h3>\n<h3><strong>\u00a0<\/strong><\/h3>\n<h3>\u00d3leo para la Unci\u00f3n de enfermos.<\/h3>\n<h3><\/h3>\n<h3>Se\u00f1or Dios, Padre de todo consuelo, que has querido sanar todas las dolencias y padecimientos de los que sufren por causa de la enfermedad por medio de tu Hijo, Jesucristo: escucha con amor nuestra acci\u00f3n de gracias por este \u00f3leo que has enriquecido con tu bendici\u00f3n para aliviar y fortalecer nuestro cuerpo y nuestro esp\u00edritu.<\/h3>\n<h3><\/h3>\n<h3>R\/. Cantar\u00e9 eternamente tus misericordias, Se\u00f1or.<\/h3>\n<h3>\u00a0\u00a0\u00a0\u00a0\u00a0\u00a0 o tambi\u00e9n<\/h3>\n<h3>\u00a0\u00a0\u00a0\u00a0\u00a0 Por siempre yo cantar\u00e9 tu nombre, Se\u00f1or.<\/h3>\n<h3><\/h3>\n<h3><strong>A continuaci\u00f3n, toma la vasija del \u00f3leo de catec\u00famenos y la eleva para mostrarla al pueblo y dice:<\/strong><\/h3>\n<h3><strong>\u00a0<\/strong><\/h3>\n<h3>\u00d3leo de catec\u00famenos.<\/h3>\n<h3><\/h3>\n<h3>Se\u00f1or Dios, fuerza y defensa de tu pueblo, que has hecho del aceite un signo tangible de vigor y \u00e1nimo para el hombre y te has dignado fortalecer y alentar a cuantos catec\u00famenos son ungidos con este santo \u00f3leo para que conozcan m\u00e1s profundamente las realidades divinas, vivan con autenticidad el Evangelio de Jesucristo y se sientan alegres de pertenecer a tu Pueblo santo. Acepta nuestra acci\u00f3n de gracias y conc\u00e9denos ver aumentar en n\u00famero y en santidad la familia de hijos de Dios por el Bautismo.<\/h3>\n<h3><\/h3>\n<h3><\/h3>\n<h3>R\/. Cantar\u00e9 eternamente tus misericordias, Se\u00f1or.<\/h3>\n<h3>\u00a0\u00a0\u00a0\u00a0\u00a0\u00a0 o tambi\u00e9n<\/h3>\n<h3>\u00a0\u00a0\u00a0\u00a0\u00a0 Por siempre yo cantar\u00e9 tu nombre, Se\u00f1or.<\/h3>\n<h3><\/h3>\n<h3><\/h3>\n<h3><strong>Por \u00faltimo, toma la vasija del Santo Crisma la eleva y mostr\u00e1ndola al pueblo dice:<\/strong><\/h3>\n<h3><strong>\u00a0<\/strong><\/h3>\n<h3>Santo Crisma.<\/h3>\n<h3><\/h3>\n<h3>Se\u00f1or Dios, autor de todo crecimiento y de todo progreso espiritual: recibe complacido nuestra alabanza y acci\u00f3n de gracias que gozosamente, por nuestro medio, te dirige la Iglesia. T\u00fa eres el Dios clemente y compasivo que te has dignado bendecir y santificar este \u00f3leo al que llamamos Crisma en honor de Cristo, tu Hijo; en \u00e9l has querido infundir la fuerza del Esp\u00edritu Santo para consagrar con su unci\u00f3n todas las cosas y transformar a las personas llevando as\u00ed a plenitud tu obra en el mundo. Haz que por este \u00f3leo santo y sagrado se acreciente tu Iglesia, pueblo sacerdotal, y se propague a trav\u00e9s de sus miembros por todo el mundo el suave y buen olor de tu Hijo, Jesucristo, al que sea dado por siempre todo honor y toda gloria.<\/h3>\n<h3><\/h3>\n<h3>R\/. Cantar\u00e9 eternamente tus misericordias, Se\u00f1or.<\/h3>\n<h3>\u00a0\u00a0\u00a0\u00a0\u00a0\u00a0 o tambi\u00e9n<\/h3>\n<h3>\u00a0\u00a0\u00a0\u00a0\u00a0 Por siempre yo cantar\u00e9 tu nombre, Se\u00f1or.<\/h3>\n<h3><\/h3>\n<h3><strong>Omitido el rito penitencial, se hace ahora la oraci\u00f3n colecta de la Misa del d\u00eda.<\/strong><\/h3>\n<p><span style=\"color: #000000;\">\u00a0<\/span><\/p>\n","protected":false},"excerpt":{"rendered":"<p>El\u00a0sacramento de la unci\u00f3n de los enfermos\u00a0es un acto lit\u00fargico por el cual un\u00a0presb\u00edtero\u00a0signa con\u00a0\u00f3leo sagrado\u00a0a un fiel en raz\u00f3n de encontrarse enfermo, en edad\u00a0avanzada o en peligro de muerte. Con esta acci\u00f3n se significa que se le concede al enfermo o al anciano una gracia especial, eficaz, para\u00a0fortalecerlo y\u00a0reconfortarlo en su\u00a0enfermedad, y prepararlo para &hellip; <\/p>\n<p><a class=\"more-link btn\" href=\"https:\/\/sansebastiancarabanchel.archimadrid.es\/?page_id=70\">Seguir leyendo<\/a><\/p>\n","protected":false},"author":4,"featured_media":0,"parent":26,"menu_order":5,"comment_status":"closed","ping_status":"closed","template":"","meta":{"footnotes":""},"_links":{"self":[{"href":"https:\/\/sansebastiancarabanchel.archimadrid.es\/index.php?rest_route=\/wp\/v2\/pages\/70"}],"collection":[{"href":"https:\/\/sansebastiancarabanchel.archimadrid.es\/index.php?rest_route=\/wp\/v2\/pages"}],"about":[{"href":"https:\/\/sansebastiancarabanchel.archimadrid.es\/index.php?rest_route=\/wp\/v2\/types\/page"}],"author":[{"embeddable":true,"href":"https:\/\/sansebastiancarabanchel.archimadrid.es\/index.php?rest_route=\/wp\/v2\/users\/4"}],"replies":[{"embeddable":true,"href":"https:\/\/sansebastiancarabanchel.archimadrid.es\/index.php?rest_route=%2Fwp%2Fv2%2Fcomments&post=70"}],"version-history":[{"count":4,"href":"https:\/\/sansebastiancarabanchel.archimadrid.es\/index.php?rest_route=\/wp\/v2\/pages\/70\/revisions"}],"predecessor-version":[{"id":621,"href":"https:\/\/sansebastiancarabanchel.archimadrid.es\/index.php?rest_route=\/wp\/v2\/pages\/70\/revisions\/621"}],"up":[{"embeddable":true,"href":"https:\/\/sansebastiancarabanchel.archimadrid.es\/index.php?rest_route=\/wp\/v2\/pages\/26"}],"wp:attachment":[{"href":"https:\/\/sansebastiancarabanchel.archimadrid.es\/index.php?rest_route=%2Fwp%2Fv2%2Fmedia&parent=70"}],"curies":[{"name":"wp","href":"https:\/\/api.w.org\/{rel}","templated":true}]}}