{"id":72,"date":"2015-02-13T23:24:23","date_gmt":"2015-02-13T23:24:23","guid":{"rendered":"https:\/\/sansebastiancarabanchel.archimadrid.es\/?page_id=72"},"modified":"2015-02-19T12:39:05","modified_gmt":"2015-02-19T12:39:05","slug":"matrimonio","status":"publish","type":"page","link":"https:\/\/sansebastiancarabanchel.archimadrid.es\/?page_id=72","title":{"rendered":"Matrimonio"},"content":{"rendered":"<h2><strong><span style=\"color: #00ccff;\">Casarse por la Iglesia supone\u2026<\/span><\/strong><\/h2>\n<h3><span style=\"color: #00ccff;\">Buscar a Dios como eje fundamental de la decisi\u00f3n a tomar.\u00a0Casa<img loading=\"lazy\" decoding=\"async\" class=\" alignright\" src=\"http:\/\/i0.wp.com\/nsapostoles.archimadrid.es\/wp-content\/uploads\/2014\/09\/alianzas.jpg?resize=275%2C183\" alt=\"\" width=\"275\" height=\"183\" \/>rse sin condiciones. Con el deseo de vivir ante la sociedad y la Iglesia como servidores del Se\u00f1or, desde el matrimonio y la familia<\/span><\/h3>\n<h3><span style=\"color: #00ccff;\">Es recibir un <strong>SACRAMENTO<\/strong>; no es un mero tr\u00e1mite, una ceremonia protocolaria, un rito vac\u00edo de contenido. Es una acci\u00f3n sagrada de Cristo y de la Iglesia, que sit\u00faa a los contrayentes en un plano superior, que santifica y fortalece, que los contrayentes act\u00faen con total libertad y por su propia voluntad.<\/span><\/h3>\n<h3><span style=\"color: #00ccff;\">\u00a0<\/span><\/h3>\n<h3><span style=\"color: #00ccff;\"><strong>EL MATRIMONIO CRISTIANO SUPONE Y EXIGE DE LOS NOVIOS\u2026<\/strong><\/span><\/h3>\n<h3><span style=\"color: #00ccff;\">Una entrega total y plena.\u00a0A lo largo de toda la vida.<\/span><\/h3>\n<h3><span style=\"color: #00ccff;\">Porque as\u00ed ama Dios y los esposos cristianos son llamados y se comprometen a ser el signo de ese amor. Cuando os personas deciden entregarse por completo el uno al otro para siempre y as\u00ed lo manifiestan ante Dios en Su Iglesia, ellos mismos, por su propia voluntad, establecen un v\u00ednculo sagrado que es indisoluble.<\/span><\/h3>\n<p>&nbsp;<\/p>\n<h1 style=\"text-align: center;\"><\/h1>\n<p>&nbsp;<\/p>\n<h3><\/h3>\n","protected":false},"excerpt":{"rendered":"<p>Casarse por la Iglesia supone\u2026 Buscar a Dios como eje fundamental de la decisi\u00f3n a tomar.\u00a0Casarse sin condiciones. Con el deseo de vivir ante la sociedad y la Iglesia como servidores del Se\u00f1or, desde el matrimonio y la familia Es recibir un SACRAMENTO; no es un mero tr\u00e1mite, una ceremonia protocolaria, un rito vac\u00edo de &hellip; <\/p>\n<p><a class=\"more-link btn\" href=\"https:\/\/sansebastiancarabanchel.archimadrid.es\/?page_id=72\">Seguir leyendo<\/a><\/p>\n","protected":false},"author":4,"featured_media":0,"parent":26,"menu_order":6,"comment_status":"closed","ping_status":"closed","template":"","meta":{"footnotes":""},"_links":{"self":[{"href":"https:\/\/sansebastiancarabanchel.archimadrid.es\/index.php?rest_route=\/wp\/v2\/pages\/72"}],"collection":[{"href":"https:\/\/sansebastiancarabanchel.archimadrid.es\/index.php?rest_route=\/wp\/v2\/pages"}],"about":[{"href":"https:\/\/sansebastiancarabanchel.archimadrid.es\/index.php?rest_route=\/wp\/v2\/types\/page"}],"author":[{"embeddable":true,"href":"https:\/\/sansebastiancarabanchel.archimadrid.es\/index.php?rest_route=\/wp\/v2\/users\/4"}],"replies":[{"embeddable":true,"href":"https:\/\/sansebastiancarabanchel.archimadrid.es\/index.php?rest_route=%2Fwp%2Fv2%2Fcomments&post=72"}],"version-history":[{"count":6,"href":"https:\/\/sansebastiancarabanchel.archimadrid.es\/index.php?rest_route=\/wp\/v2\/pages\/72\/revisions"}],"predecessor-version":[{"id":366,"href":"https:\/\/sansebastiancarabanchel.archimadrid.es\/index.php?rest_route=\/wp\/v2\/pages\/72\/revisions\/366"}],"up":[{"embeddable":true,"href":"https:\/\/sansebastiancarabanchel.archimadrid.es\/index.php?rest_route=\/wp\/v2\/pages\/26"}],"wp:attachment":[{"href":"https:\/\/sansebastiancarabanchel.archimadrid.es\/index.php?rest_route=%2Fwp%2Fv2%2Fmedia&parent=72"}],"curies":[{"name":"wp","href":"https:\/\/api.w.org\/{rel}","templated":true}]}}