{"id":883,"date":"2015-04-24T09:51:53","date_gmt":"2015-04-24T08:51:53","guid":{"rendered":"https:\/\/sansebastiancarabanchel.archimadrid.es\/?page_id=883"},"modified":"2015-06-24T17:30:14","modified_gmt":"2015-06-24T16:30:14","slug":"la-santa-misa","status":"publish","type":"page","link":"https:\/\/sansebastiancarabanchel.archimadrid.es\/?page_id=883","title":{"rendered":"La Santa Misa"},"content":{"rendered":"<h1 style=\"text-align: center;\">Celebraci\u00f3n de la Eucarist\u00eda a\u00f1o 1993<\/h1>\n<p>&nbsp;<\/p>\n<p><a href=\"https:\/\/www.youtube.com\/watch?v=8ewf5N-hhQo&#038;feature=youtu.be\">https:\/\/www.youtube.com\/watch?v=8ewf5N-hhQo&amp;feature=youtu.be<\/a><\/p>\n<p><a href=\"https:\/\/www.youtube.com\/watch?v=AOpS2_UJXEA&#038;feature=youtu.be\">https:\/\/www.youtube.com\/watch?v=AOpS2_UJXEA&amp;feature=youtu.be<\/a><\/p>\n","protected":false},"excerpt":{"rendered":"<p>Celebraci\u00f3n de la Eucarist\u00eda a\u00f1o 1993 &nbsp;<\/p>\n","protected":false},"author":4,"featured_media":0,"parent":303,"menu_order":1,"comment_status":"closed","ping_status":"closed","template":"","meta":{"footnotes":""},"_links":{"self":[{"href":"https:\/\/sansebastiancarabanchel.archimadrid.es\/index.php?rest_route=\/wp\/v2\/pages\/883"}],"collection":[{"href":"https:\/\/sansebastiancarabanchel.archimadrid.es\/index.php?rest_route=\/wp\/v2\/pages"}],"about":[{"href":"https:\/\/sansebastiancarabanchel.archimadrid.es\/index.php?rest_route=\/wp\/v2\/types\/page"}],"author":[{"embeddable":true,"href":"https:\/\/sansebastiancarabanchel.archimadrid.es\/index.php?rest_route=\/wp\/v2\/users\/4"}],"replies":[{"embeddable":true,"href":"https:\/\/sansebastiancarabanchel.archimadrid.es\/index.php?rest_route=%2Fwp%2Fv2%2Fcomments&post=883"}],"version-history":[{"count":4,"href":"https:\/\/sansebastiancarabanchel.archimadrid.es\/index.php?rest_route=\/wp\/v2\/pages\/883\/revisions"}],"predecessor-version":[{"id":990,"href":"https:\/\/sansebastiancarabanchel.archimadrid.es\/index.php?rest_route=\/wp\/v2\/pages\/883\/revisions\/990"}],"up":[{"embeddable":true,"href":"https:\/\/sansebastiancarabanchel.archimadrid.es\/index.php?rest_route=\/wp\/v2\/pages\/303"}],"wp:attachment":[{"href":"https:\/\/sansebastiancarabanchel.archimadrid.es\/index.php?rest_route=%2Fwp%2Fv2%2Fmedia&parent=883"}],"curies":[{"name":"wp","href":"https:\/\/api.w.org\/{rel}","templated":true}]}}